{"id":970,"date":"2011-02-02T13:19:25","date_gmt":"2011-02-02T13:19:25","guid":{"rendered":"http:\/\/mezocsatote.hu\/?page_id=970"},"modified":"2012-01-06T20:08:24","modified_gmt":"2012-01-06T20:08:24","slug":"beszamolok","status":"publish","type":"page","link":"https:\/\/mezocsatote.hu\/?page_id=970","title":{"rendered":"Besz\u00e1mol\u00f3 &#8211; 2010."},"content":{"rendered":"<p>Tisztelt K\u00e9pvisel\u0151 test\u00fclet!<\/p>\n<p>Az \u00f6nk\u00e9ntes t\u0171zolt\u00f3 egyes\u00fclet a 2010. \u00e9vben v\u00e1llalt feladatait ill. terveit &#8211; melyr\u0151l 2010. \u00e9v janu\u00e1rj\u00e1ban t\u00e1j\u00e9koztatta a k\u00e9pvisel\u0151 test\u00fcletet &#8211; marad\u00e9ktalanul v\u00e9grehajtotta.<\/p>\n<p>V\u00e1llaltuk ill. tervezt\u00fck:<br \/>\n &#8211; T\u0171zolt\u00f3 g\u00e9pj\u00e1rm\u0171 levizsg\u00e1ztat\u00e1s\u00e1t<br \/>\n &#8211; V\u00e1rosi rendezv\u00e9nyeken k\u00f6zrem\u0171k\u00f6d\u00e9st<br \/>\n &#8211; T\u0171zolt\u00f3sz\u00f6vets\u00e9gben akt\u00edv r\u00e9szv\u00e9telt<br \/>\n &#8211; Ny\u00edlt nap megtart\u00e1s\u00e1t<br \/>\n &#8211; Gyermekeknek tartand\u00f3 bemutat\u00f3<br \/>\n &#8211; T\u0171z \u00e9s k\u00e1resetek felsz\u00e1mol\u00e1s\u00e1n\u00e1l akt\u00edv r\u00e9szv\u00e9tel.<br \/>\n &#8211; Megyei t\u0171zolt\u00f3 verseny megszervez\u00e9se.<br \/>\n &#8211; T\u0171zolt\u00f3 versenyeken akt\u00edv r\u00e9szv\u00e9tel.<br \/>\n &#8211; P\u00e1ly\u00e1zaton sikeres szerepl\u00e9s<\/p>\n<p><br class=\"spacer_\" \/><\/p>\n<p>P\u00e9nz\u00fcgyi besz\u00e1mol\u00f3:<\/p>\n<p>2010. \u00e9vi bev\u00e9telek:<\/p>\n<p>&#8211; \u00d6nkorm\u00e1nyzat t\u00e1mogat\u00e1sa 531.000 Ft<br \/>\n &#8211; Alsys KFT. 90.000 Ft<br \/>\n &#8211; \u00f6nkorm\u00e1nyzat t\u00e1mogat\u00e1s busz 17.600 Ft<br \/>\n &#8211; APEH ad\u00f3 1% \u00e1tutal\u00e1s 105.000 Ft<br \/>\n &#8211; L\u00f6v\u0151 \u00d6TE t\u00e1mogat\u00e1s 33.000 Ft<br \/>\n &#8211; Lovas Szakoszt\u00e1ly t\u00e1mogat\u00e1sa 30.000 Ft<br \/>\n &#8211; NCA t\u00e1mogat\u00e1s 25.000 Ft<br \/>\n &#8211; MTSZ p\u00e1ly\u00e1zat 640.000 Ft<br \/>\n &#8211; v\u00edzd\u00edj 52.984 Ft<br \/>\n &#8211; T\u00e1mogat\u00e1s (mag\u00e1nszem\u00e9ly) 10.000 Ft<br \/>\n &#8211; b\u00e9rmunka 359.590 Ft<\/p>\n<p>\u00d6sszesen: 1.874.174 Ft<br \/>\n 2010.janu\u00e1r 01-j\u00e9n a sz\u00e1ml\u00e1n 70.000 Ft<br \/>\n Mind\u00f6sszesen: 1.964.174 Ft<\/p>\n<p><br class=\"spacer_\" \/><\/p>\n<p>2010. \u00e9vi kiad\u00e1sok:<\/p>\n<p>&#8211; v\u00edzd\u00edj 60.870 Ft<br \/>\n &#8211; telefon k\u00f6lts\u00e9g 0 Ft<br \/>\n &#8211; villanysz\u00e1mla 4.100 Ft<br \/>\n &#8211; \u00fczemanyag k\u00f6lts\u00e9g 190.000 Ft<br \/>\n &#8211; g\u00e9pkocsi biztos\u00edt\u00e1s 36.000 Ft<br \/>\n &#8211; tiszt\u00edt\u00f3 szerek 3.450Ft<br \/>\n &#8211; OTP kezel\u00e9si k\u00f6lts\u00e9g 33.978 Ft<br \/>\n &#8211; irodaszer, nyomtatv\u00e1nyok 4.830 Ft<br \/>\n &#8211; t\u0171zolt\u00f3 sz\u00f6vets\u00e9gi tagd\u00edj 25.000 Ft<br \/>\n &#8211; IPOSZ hozz\u00e1j\u00e1rul\u00e1s 6.325 Ft<br \/>\n &#8211; postai k\u00f6lts\u00e9g 21.130 Ft<br \/>\n &#8211; t\u0171zolt\u00f3 verseny 141.991 Ft<br \/>\n &#8211; MTSZ p\u00e1ly\u00e1zat elsz\u00e1mol\u00e1s 642.000 Ft<br \/>\n &#8211; k\u00f6zjegyz\u0151i szolg\u00e1ltat\u00e1s 3.000 Ft<br \/>\n &#8211; els\u0151seg\u00e9ly tanfolyam 5.000 Ft<br \/>\n &#8211; b\u00e9rmunk\u00e1val kapcsolatos kiad\u00e1s 321.000 Ft<br \/>\n &#8211; tagok juttat\u00e1sa 39.000 Ft<br \/>\n &#8211; koszor\u00fak 16.000 Ft<\/p>\n<p>T\u0171zolt\u00f3 technikai kiad\u00e1sok:<br \/>\n &#8211; 2 db ?C? t\u00f6ml\u0151 27.000 Ft<br \/>\n &#8211; 2 db l\u00e9gz\u0151k\u00e9sz\u00fcl\u00e9k 25.000 Ft<br \/>\n &#8211; 1 db porralolt\u00f3 8.500 Ft<br \/>\n &#8211; 6 db v\u00e9d\u0151csizma 90.000 Ft<br \/>\n &#8211; haszn\u00e1lt eszk\u00f6z\u00f6k v\u00e1s\u00e1rl\u00e1sa 26.000 Ft<br \/>\n &#8211; g\u00e9pj\u00e1rm\u0171 jav\u00edt\u00e1si k\u00f6lts\u00e9g \u00e9s vizsga 119.000 Ft<\/p>\n<p>Mind\u00f6sszesen: 1.849.174 Ft<\/p>\n<p>Bev\u00e9tel?kiad\u00e1s: 115.000 Ft, melyb\u0151l 7000 Ft a h\u00e1zip\u00e9nzt\u00e1rban \u00e1ll rendelkez\u00e9sre, 108.000 Ft pedig az OTP sz\u00e1ml\u00e1n biztos\u00edtja az els\u0151 negyed\u00e9v v\u00e1rhat\u00f3 kiad\u00e1sait (\u00fczemanyag, v\u00edz-, villany sz\u00e1ml\u00e1k, g\u00e9pj\u00e1rm\u0171 biztos\u00edt\u00e1s, alkatr\u00e9sz, stb.). <br \/>\n Ezek a kiad\u00e1sok m\u00e9g az el\u0151tt jelentkeznek, miel\u0151tt m\u00e1rciusban megkapjuk az els\u0151 \u00f6nkorm\u00e1nyzati t\u00e1mogat\u00e1st.<br \/>\n Igyekezt\u00fcnk a 2010-es \u00e9vben \u00fagy gazd\u00e1lkodni, hogy a 2011-es \u00e9v els\u0151 h\u00e1rom h\u00f3napj\u00e1ban ne legy\u00fcnk fizet\u00e9sk\u00e9ptelen helyzetben a sz\u00fcks\u00e9ges kiad\u00e1sok tekintet\u00e9ben.<\/p>\n<p>A besz\u00e1mol\u00f3b\u00f3l egy\u00e9rtelm\u0171en kit\u0171nik, hogy az 531.000 Ft t\u00e1mogat\u00e1s az \u00f6nkorm\u00e1nyzat r\u00e9sz\u00e9r\u0151l nem el\u00e9g a k\u00f6zel 1.000.000 Ft ( 1.964.174?640.000?321.000=1.003.174 Ft. ) kiad\u00e1s biztos\u00edt\u00e1s\u00e1ra. Ez\u00e9rt k\u00e9rj\u00fck a k\u00e9pvisel\u0151 test\u00fcletet, vizsg\u00e1lja meg annak a lehet\u0151s\u00e9g\u00e9t, hogy a t\u00e1mogat\u00e1s legal\u00e1bb 850.000 Ft-ra emelkedhet-e?<\/p>\n<p>K\u00e9rj\u00fck a k\u00e9pvisel\u0151 test\u00fcletet a besz\u00e1mol\u00f3nk elfogad\u00e1s\u00e1ra.<\/p>\n<p>Tisztelettel:<\/p>\n<p>N\u00e9meth J\u00e1nos<\/p>\n<p>R\u00e9p\u00e1si G\u00e1bor<\/p>\n<p>Mez\u0151cs\u00e1t, 2011. janu\u00e1r 31.<\/p>\n","protected":false},"excerpt":{"rendered":"<p>Tisztelt K\u00e9pvisel\u0151 test\u00fclet! Az \u00f6nk\u00e9ntes t\u0171zolt\u00f3 egyes\u00fclet a 2010. \u00e9vben v\u00e1llalt feladatait ill. terveit &#8211; melyr\u0151l 2010. \u00e9v janu\u00e1rj\u00e1ban t\u00e1j\u00e9koztatta a k\u00e9pvisel\u0151 test\u00fcletet &#8211; marad\u00e9ktalanul v\u00e9grehajtotta. V\u00e1llaltuk ill. tervezt\u00fck: &#8211; T\u0171zolt\u00f3 g\u00e9pj\u00e1rm\u0171 levizsg\u00e1ztat\u00e1s\u00e1t &#8211; V\u00e1rosi rendezv\u00e9nyeken k\u00f6zrem\u0171k\u00f6d\u00e9st &#8211; T\u0171zolt\u00f3sz\u00f6vets\u00e9gben akt\u00edv r\u00e9szv\u00e9telt &#8211; Ny\u00edlt nap megtart\u00e1s\u00e1t &#8211; Gyermekeknek tartand\u00f3 bemutat\u00f3 &#8211; T\u0171z \u00e9s k\u00e1resetek felsz\u00e1mol\u00e1s\u00e1n\u00e1l akt\u00edv [&hellip;]<\/p>\n","protected":false},"author":1,"featured_media":0,"parent":4,"menu_order":0,"comment_status":"closed","ping_status":"open","template":"","meta":{"ngg_post_thumbnail":0,"footnotes":""},"class_list":["post-970","page","type-page","status-publish","hentry"],"_links":{"self":[{"href":"https:\/\/mezocsatote.hu\/index.php?rest_route=\/wp\/v2\/pages\/970","targetHints":{"allow":["GET"]}}],"collection":[{"href":"https:\/\/mezocsatote.hu\/index.php?rest_route=\/wp\/v2\/pages"}],"about":[{"href":"https:\/\/mezocsatote.hu\/index.php?rest_route=\/wp\/v2\/types\/page"}],"author":[{"embeddable":true,"href":"https:\/\/mezocsatote.hu\/index.php?rest_route=\/wp\/v2\/users\/1"}],"replies":[{"embeddable":true,"href":"https:\/\/mezocsatote.hu\/index.php?rest_route=%2Fwp%2Fv2%2Fcomments&post=970"}],"version-history":[{"count":0,"href":"https:\/\/mezocsatote.hu\/index.php?rest_route=\/wp\/v2\/pages\/970\/revisions"}],"up":[{"embeddable":true,"href":"https:\/\/mezocsatote.hu\/index.php?rest_route=\/wp\/v2\/pages\/4"}],"wp:attachment":[{"href":"https:\/\/mezocsatote.hu\/index.php?rest_route=%2Fwp%2Fv2%2Fmedia&parent=970"}],"curies":[{"name":"wp","href":"https:\/\/api.w.org\/{rel}","templated":true}]}}