{"id":845,"date":"2010-11-27T14:17:07","date_gmt":"2010-11-27T14:17:07","guid":{"rendered":"http:\/\/mezocsatote.hu\/?page_id=845"},"modified":"2022-04-30T20:41:32","modified_gmt":"2022-04-30T20:41:32","slug":"szolgaltatasaink","status":"publish","type":"page","link":"https:\/\/mezocsatote.hu\/?page_id=845","title":{"rendered":"Szolg\u00e1ltat\u00e1saink"},"content":{"rendered":"<p><strong>A Mez\u0151cs\u00e1t \u00e9s K\u00f6rny\u00e9ke \u00d6nk\u00e9ntes T\u0171zolt\u00f3 Egyes\u00fclet \u00a0v\u00e1llalja:<\/strong><\/p>\n<p><strong>&#8211; vesz\u00e9lyes f\u00e1k kiv\u00e1g\u00e1s\u00e1t<\/strong><\/p>\n<p><strong>&#8211; r\u00e9gi \u00e1sott kutak kiszivatty\u00faz\u00e1s\u00e1t<\/strong><\/p>\n<p>&nbsp;<\/p>\n<p>&nbsp;<\/p>\n<p><strong>B\u0151vebb inform\u00e1ci\u00f3<\/strong>: <a href=\"mailto:info@mezocsatote.hu\">info@mezocsatote.hu<\/a><\/p>\n<p><strong>Kov\u00e1cs Tam\u00e1s\u00a0 06-30 089 55 78 \u00a0<\/strong><\/p>\n","protected":false},"excerpt":{"rendered":"<p>A Mez\u0151cs\u00e1t \u00e9s K\u00f6rny\u00e9ke \u00d6nk\u00e9ntes T\u0171zolt\u00f3 Egyes\u00fclet \u00a0v\u00e1llalja: &#8211; vesz\u00e9lyes f\u00e1k kiv\u00e1g\u00e1s\u00e1t &#8211; r\u00e9gi \u00e1sott kutak kiszivatty\u00faz\u00e1s\u00e1t &nbsp; &nbsp; B\u0151vebb inform\u00e1ci\u00f3: info@mezocsatote.hu Kov\u00e1cs Tam\u00e1s\u00a0 06-30 089 55 78 \u00a0<\/p>\n","protected":false},"author":2,"featured_media":0,"parent":0,"menu_order":1,"comment_status":"closed","ping_status":"closed","template":"","meta":{"ngg_post_thumbnail":0,"footnotes":""},"class_list":["post-845","page","type-page","status-publish","hentry"],"_links":{"self":[{"href":"https:\/\/mezocsatote.hu\/index.php?rest_route=\/wp\/v2\/pages\/845","targetHints":{"allow":["GET"]}}],"collection":[{"href":"https:\/\/mezocsatote.hu\/index.php?rest_route=\/wp\/v2\/pages"}],"about":[{"href":"https:\/\/mezocsatote.hu\/index.php?rest_route=\/wp\/v2\/types\/page"}],"author":[{"embeddable":true,"href":"https:\/\/mezocsatote.hu\/index.php?rest_route=\/wp\/v2\/users\/2"}],"replies":[{"embeddable":true,"href":"https:\/\/mezocsatote.hu\/index.php?rest_route=%2Fwp%2Fv2%2Fcomments&post=845"}],"version-history":[{"count":0,"href":"https:\/\/mezocsatote.hu\/index.php?rest_route=\/wp\/v2\/pages\/845\/revisions"}],"wp:attachment":[{"href":"https:\/\/mezocsatote.hu\/index.php?rest_route=%2Fwp%2Fv2%2Fmedia&parent=845"}],"curies":[{"name":"wp","href":"https:\/\/api.w.org\/{rel}","templated":true}]}}