{"id":817,"date":"2010-11-23T12:13:01","date_gmt":"2010-11-23T12:13:01","guid":{"rendered":"http:\/\/mezocsatote.hu\/?page_id=817"},"modified":"2015-09-20T14:52:51","modified_gmt":"2015-09-20T14:52:51","slug":"hivatasos-hirek","status":"publish","type":"page","link":"https:\/\/mezocsatote.hu\/?page_id=817","title":{"rendered":"&#8222;Hivat\u00e1sos&#8221; h\u00edrek"},"content":{"rendered":"<p>2014. janu\u00e1r 6. &#8211; <a title=\"F\u0151igazgat\u00f3i utas\u00edt\u00e1s szab\u00e1lyozza az \u00f6nk\u00e9ntes t\u0171zolt\u00f3k \u00f6n\u00e1ll\u00f3 beavatkoz\u00e1sait \" href=\"http:\/\/baz.katasztrofavedelem.hu\/hirek\/1731-foigazgatoi-utasitas-szabalyozza-az-onkentes-tuzoltok-onallo-beavatkozasait\">F\u0151igazgat\u00f3i utas\u00edt\u00e1s szab\u00e1lyozza az \u00f6nk\u00e9ntes t\u0171zolt\u00f3k \u00f6n\u00e1ll\u00f3 beavatkoz\u00e1sait\u00a0<\/a><\/p>\n<p>2013. november 29. &#8211; <a title=\"K\u00e9m\u00e9nyt\u0171z\" href=\"http:\/\/baz.katasztrofavedelem.hu\/hirek\/1625-kemenytuz\">K\u00e9m\u00e9nyt\u0171z<\/a><\/p>\n<p>2013. november 3. &#8211; <a title=\"V\u00e1rhat\u00f3 id\u0151j\u00e1r\u00e1s\" href=\"http:\/\/baz.katasztrofavedelem.hu\/hirek\/1543-varhato-idojaras\">V\u00e1rhat\u00f3 id\u0151j\u00e1r\u00e1s<\/a><\/p>\n<p>2013. november 1. &#8211; <a title=\"Biztons\u00e1gban a temet\u0151kben \u00e9s otthon\" href=\"http:\/\/baz.katasztrofavedelem.hu\/hirek\/1537-biztonsagban-a-temetokben-es-otthon\">Biztons\u00e1gban a temet\u0151kben \u00e9s otthon<\/a><\/p>\n<p><a title=\"Viharos sz\u00e9ll\u00f6k\u00e9sek \u00e9s sok csapad\u00e9k v\u00e1rhat\u00f3 \" href=\"http:\/\/baz.katasztrofavedelem.hu\/hirek\/1481-viharos-szellokesek-es-sok-csapadek-varhato\">Viharos sz\u00e9ll\u00f6k\u00e9sek \u00e9s sok csapad\u00e9k v\u00e1rhat\u00f3\u00a0<\/a><\/p>\n<p><a title=\"A sz\u00e1nd\u00e9kosan megt\u00e9veszt\u0151 jelz\u00e9seket k\u00fcld\u0151k t\u00f6bb t\u00f6rv\u00e9nyt is megs\u00e9rtenek \" href=\"http:\/\/baz.katasztrofavedelem.hu\/index.php?subpage2=1&amp;subpage1=19&amp;subpage=1&amp;contentId=178709\">A sz\u00e1nd\u00e9kosan megt\u00e9veszt\u0151 jelz\u00e9seket k\u00fcld\u0151k t\u00f6bb t\u00f6rv\u00e9nyt is megs\u00e9rtenek\u00a0<\/a><\/p>\n<p>2013. m\u00e1jus 12. &#8211; <a title=\"Narancss\u00e1rga riaszt\u00e1s\" href=\"http:\/\/baz.katasztrofavedelem.hu\/index.php?subpage2=1&amp;subpage1=19&amp;subpage=1&amp;contentId=165382\">Narancss\u00e1rga riaszt\u00e1s<\/a><\/p>\n<p>2013. \u00e1prilis 5. &#8211; <a title=\"Elh\u00faz\u00f3d\u00f3, de kezelhet\u0151 \u00e1rv\u00edzi helyzet Borsodban\" href=\"http:\/\/baz.katasztrofavedelem.hu\/index.php?subpage2=1&amp;subpage1=19&amp;subpage=1&amp;contentId=158316\">Elh\u00faz\u00f3d\u00f3, de kezelhet\u0151 \u00e1rv\u00edzi helyzet Borsodban<\/a><\/p>\n<p>2013. \u00e1prilis 4. &#8211; <a title=\"\u00c1r- \u00e9s belv\u00edz miatti lez\u00e1r\u00e1ssal \u00e9rintett \u00fatszakaszok megy\u00e9nkben\" href=\"http:\/\/baz.katasztrofavedelem.hu\/index.php?subpage2=1&amp;subpage1=19&amp;subpage=1&amp;contentId=157946\">\u00c1r- \u00e9s belv\u00edz miatti lez\u00e1r\u00e1ssal \u00e9rintett \u00fatszakaszok megy\u00e9nkben<\/a><\/p>\n<p>2013. \u00e1prilis 2. &#8211; <a title=\"\u00c1r- \u00e9s belv\u00edz miatt lez\u00e1rt \u00fatszakaszok megy\u00e9nkben\" href=\"http:\/\/baz.katasztrofavedelem.hu\/index.php?subpage2=1&amp;subpage1=19&amp;subpage=1&amp;contentId=157505\">\u00c1r- \u00e9s belv\u00edz miatt lez\u00e1rt \u00fatszakaszok megy\u00e9nkben<\/a><\/p>\n<p>2013. m\u00e1rcius 16. &#8211; <a title=\"?Rendk\u00edv\u00fcli napok? \u00f6sszefoglal\u00f3ja\" href=\"http:\/\/baz.katasztrofavedelem.hu\/index.php?subpage2=1&amp;subpage1=19&amp;subpage=1&amp;contentId=154270\">?Rendk\u00edv\u00fcli napok? \u00f6sszefoglal\u00f3ja<\/a><\/p>\n<p>2013. m\u00e1rcius 15. &#8211; <a title=\"Lakoss\u00e1gi felh\u00edv\u00e1s\" href=\"http:\/\/baz.katasztrofavedelem.hu\/index.php?subpage2=1&amp;subpage1=19&amp;subpage=1&amp;contentId=154101\">Lakoss\u00e1gi felh\u00edv\u00e1s<\/a><\/p>\n<p>2013. m\u00e1rcius 14. &#8211; <a title=\"Rendk\u00edv\u00fcli id\u0151j\u00e1r\u00e1s\" href=\"http:\/\/baz.katasztrofavedelem.hu\/index.php?subpage2=1&amp;subpage1=19&amp;subpage=1&amp;contentId=153840\">Rendk\u00edv\u00fcli id\u0151j\u00e1r\u00e1s<\/a><\/p>\n<p>2010. november 23. &#8211; <a href=\"http:\/\/tuzoltosag.tiszaujvaros.hu\/?p=hir&amp;cid=207\" target=\"_blank\">S\u00falyos baleset az M30-ason<\/a><\/p>\n<p>2010. november 11. &#8211; <a href=\"http:\/\/baz.katasztrofavedelem.hu\/index.php?pageid=hirek_reszletek&amp;hirazon=414\" target=\"_blank\">XVII. Borsod-Aba\u00faj-Zempl\u00e9n Megyei T\u0171zolt\u00f3 Szakmai Verseny<\/a><\/p>\n<p><b class=\"datum\" style=\"font-family: Arial; font-size: 10px; color: #000000; line-height: normal; text-align: justify; background-color: #fafafa;\">\u00a0<\/b><\/p>\n","protected":false},"excerpt":{"rendered":"<p>2014. janu\u00e1r 6. &#8211; F\u0151igazgat\u00f3i utas\u00edt\u00e1s szab\u00e1lyozza az \u00f6nk\u00e9ntes t\u0171zolt\u00f3k \u00f6n\u00e1ll\u00f3 beavatkoz\u00e1sait\u00a0 2013. november 29. &#8211; K\u00e9m\u00e9nyt\u0171z 2013. november 3. &#8211; V\u00e1rhat\u00f3 id\u0151j\u00e1r\u00e1s 2013. november 1. &#8211; Biztons\u00e1gban a temet\u0151kben \u00e9s otthon Viharos sz\u00e9ll\u00f6k\u00e9sek \u00e9s sok csapad\u00e9k v\u00e1rhat\u00f3\u00a0 A sz\u00e1nd\u00e9kosan megt\u00e9veszt\u0151 jelz\u00e9seket k\u00fcld\u0151k t\u00f6bb t\u00f6rv\u00e9nyt is megs\u00e9rtenek\u00a0 2013. m\u00e1jus 12. &#8211; Narancss\u00e1rga riaszt\u00e1s 2013. \u00e1prilis [&hellip;]<\/p>\n","protected":false},"author":2,"featured_media":0,"parent":3,"menu_order":12,"comment_status":"closed","ping_status":"closed","template":"","meta":{"ngg_post_thumbnail":0,"footnotes":""},"class_list":["post-817","page","type-page","status-publish","hentry"],"_links":{"self":[{"href":"https:\/\/mezocsatote.hu\/index.php?rest_route=\/wp\/v2\/pages\/817","targetHints":{"allow":["GET"]}}],"collection":[{"href":"https:\/\/mezocsatote.hu\/index.php?rest_route=\/wp\/v2\/pages"}],"about":[{"href":"https:\/\/mezocsatote.hu\/index.php?rest_route=\/wp\/v2\/types\/page"}],"author":[{"embeddable":true,"href":"https:\/\/mezocsatote.hu\/index.php?rest_route=\/wp\/v2\/users\/2"}],"replies":[{"embeddable":true,"href":"https:\/\/mezocsatote.hu\/index.php?rest_route=%2Fwp%2Fv2%2Fcomments&post=817"}],"version-history":[{"count":0,"href":"https:\/\/mezocsatote.hu\/index.php?rest_route=\/wp\/v2\/pages\/817\/revisions"}],"up":[{"embeddable":true,"href":"https:\/\/mezocsatote.hu\/index.php?rest_route=\/wp\/v2\/pages\/3"}],"wp:attachment":[{"href":"https:\/\/mezocsatote.hu\/index.php?rest_route=%2Fwp%2Fv2%2Fmedia&parent=817"}],"curies":[{"name":"wp","href":"https:\/\/api.w.org\/{rel}","templated":true}]}}