{"id":8,"date":"2010-04-23T13:13:22","date_gmt":"2010-04-23T13:13:22","guid":{"rendered":"http:\/\/mezocsatote.hu\/?page_id=8"},"modified":"2012-01-06T20:08:24","modified_gmt":"2012-01-06T20:08:24","slug":"linkek","status":"publish","type":"page","link":"https:\/\/mezocsatote.hu\/?page_id=8","title":{"rendered":"Linkek"},"content":{"rendered":"<p>Orsz\u00e1gos Katasztr\u00f3fav\u00e9delmi F\u0151gazgat\u00f3s\u00e1g &gt;&gt;&gt; <a href=\"http:\/\/www.katasztrofavedelem.hu\" target=\"_blank\">www.katasztrofavedelem.hu<\/a><\/p>\n<p>Hivat\u00e1sos T\u0171zolt\u00f3k F\u00fcggetlen Szakszervezete &gt;&gt;&gt; <a href=\"http:\/\/www.htfsz.hu\" target=\"_blank\">www.htfsz.hu<\/a><\/p>\n<p>T\u0171zolt\u00f3 B\u00f6rze &gt;&gt;&gt; <a href=\"http:\/\/www.tuzoltoborze.hu\" target=\"_blank\">www.tuzoltoborze.hu<\/a><\/p>\n<p>Ajaki T\u0171zolt\u00f3 Egyes\u00fclet &gt;&gt;&gt; <a href=\"http:\/\/www.ajakote.shp.hu\" target=\"_blank\">www.ajakote.shp.hu<\/a><\/p>\n<p>Mez\u0151cs\u00e1t v\u00e1ros &gt;&gt;&gt; <a href=\"http:\/\/www.mezocsat.hu\" target=\"_blank\">www.mezocsat.hu<\/a><\/p>\n<p>Budai Fl\u00f3ri\u00e1n &gt;&gt;&gt; <a href=\"http:\/\/www.szamarkandi.hu\" target=\"_blank\">www.szamarkandi.hu<\/a><\/p>\n<p>\u00c1MK Egressy B\u00e9ni \u00c1ltal\u00e1nos \u00e9s Alapfok\u00fa M\u0171v\u00e9szeti Iskol\u00e1ja Mez\u0151cs\u00e1t &gt;&gt;&gt; <a href=\"http:\/\/www.egressybenialtisk.hu\" target=\"_blank\">www.egressybenialtisk.hu<\/a><\/p>\n<p>SHOWTEAM Kft. &gt;&gt;&gt; <a href=\"http:\/\/www.showteam.hu\" target=\"_blank\">www.showteam.hu<\/a><\/p>\n<p>Lapgy\u0171jtem\u00e9nyek:<\/p>\n<p>Startlap &gt;&gt;&gt; <a href=\"http:\/\/tuzolto.lap.hu\" target=\"_blank\">tuzolto.lap.hu<\/a><\/p>\n<p>Linkind\u00edt\u00f3 &gt;&gt;&gt; <a href=\"http:\/\/tuzolto.linkindito.hu\" target=\"_blank\">tuzolto.linkindito.hu<\/a><\/p>\n<p><br class=\"spacer_\" \/><\/p>\n","protected":false},"excerpt":{"rendered":"<p>Orsz\u00e1gos Katasztr\u00f3fav\u00e9delmi F\u0151gazgat\u00f3s\u00e1g &gt;&gt;&gt; www.katasztrofavedelem.hu Hivat\u00e1sos T\u0171zolt\u00f3k F\u00fcggetlen Szakszervezete &gt;&gt;&gt; www.htfsz.hu T\u0171zolt\u00f3 B\u00f6rze &gt;&gt;&gt; www.tuzoltoborze.hu Ajaki T\u0171zolt\u00f3 Egyes\u00fclet &gt;&gt;&gt; www.ajakote.shp.hu Mez\u0151cs\u00e1t v\u00e1ros &gt;&gt;&gt; www.mezocsat.hu Budai Fl\u00f3ri\u00e1n &gt;&gt;&gt; www.szamarkandi.hu \u00c1MK Egressy B\u00e9ni \u00c1ltal\u00e1nos \u00e9s Alapfok\u00fa M\u0171v\u00e9szeti Iskol\u00e1ja Mez\u0151cs\u00e1t &gt;&gt;&gt; www.egressybenialtisk.hu SHOWTEAM Kft. &gt;&gt;&gt; www.showteam.hu Lapgy\u0171jtem\u00e9nyek: Startlap &gt;&gt;&gt; tuzolto.lap.hu Linkind\u00edt\u00f3 &gt;&gt;&gt; tuzolto.linkindito.hu<\/p>\n","protected":false},"author":2,"featured_media":0,"parent":0,"menu_order":9,"comment_status":"closed","ping_status":"closed","template":"","meta":{"ngg_post_thumbnail":0,"footnotes":""},"class_list":["post-8","page","type-page","status-publish","hentry"],"_links":{"self":[{"href":"https:\/\/mezocsatote.hu\/index.php?rest_route=\/wp\/v2\/pages\/8","targetHints":{"allow":["GET"]}}],"collection":[{"href":"https:\/\/mezocsatote.hu\/index.php?rest_route=\/wp\/v2\/pages"}],"about":[{"href":"https:\/\/mezocsatote.hu\/index.php?rest_route=\/wp\/v2\/types\/page"}],"author":[{"embeddable":true,"href":"https:\/\/mezocsatote.hu\/index.php?rest_route=\/wp\/v2\/users\/2"}],"replies":[{"embeddable":true,"href":"https:\/\/mezocsatote.hu\/index.php?rest_route=%2Fwp%2Fv2%2Fcomments&post=8"}],"version-history":[{"count":0,"href":"https:\/\/mezocsatote.hu\/index.php?rest_route=\/wp\/v2\/pages\/8\/revisions"}],"wp:attachment":[{"href":"https:\/\/mezocsatote.hu\/index.php?rest_route=%2Fwp%2Fv2%2Fmedia&parent=8"}],"curies":[{"name":"wp","href":"https:\/\/api.w.org\/{rel}","templated":true}]}}