{"id":7,"date":"2019-03-26T13:13:22","date_gmt":"2019-03-26T13:13:22","guid":{"rendered":"http:\/\/mezocsatote.dlap.hu\/?page_id=7"},"modified":"2019-03-26T23:17:11","modified_gmt":"2019-03-26T23:17:11","slug":"tamogatoink","status":"publish","type":"page","link":"https:\/\/mezocsatote.hu\/?page_id=7","title":{"rendered":"T\u00e1mogat\u00f3ink"},"content":{"rendered":"<p><span style=\"font-size: small;\">Mez\u00f6s\u00e9gi Gazd\u00e1k ZRT. Mez\u0151cs\u00e1t<br \/>\nMez\u0151cs\u00e1t V\u00e1ros \u00d6nkorm\u00e1nyzata &gt;&gt;&gt; <a href=\"http:\/\/www.mezocsat.hu\" target=\"_blank\" rel=\"noopener\"><span style=\"font-size: small;\">www.mezocsat.hu<\/span><\/a><\/span><\/p>\n<p>T\u0171zolt\u00f3 M\u0171szaki Ment\u0151 KFT.\u00a0<cite><\/cite><br \/>\n<cite><\/cite><\/p>\n<p>Decathlon Debrecen<\/p>\n<p>Hell Energy Magyarorsz\u00e1g Kft.<\/p>\n<p>Magyar V\u00f6r\u00f6skereszt<\/p>\n<p><span style=\"font-size: small;\">Dr. Domj\u00e1n L\u00e1szl\u00f3 polg\u00e1rmester<cite><\/cite><br \/>\n<\/span><\/p>\n<p><span style=\"font-size: small;\">Mez\u0151cs\u00e1ti Reform\u00e1tus Egyh\u00e1zk\u00f6zs\u00e9g &gt;&gt;&gt; <\/span><a href=\"http:\/\/fenysugar.com\" target=\"_blank\" rel=\"noopener\"><span style=\"font-size: small;\">fenysugar.com<\/span><\/a><\/p>\n<p><span style=\"font-size: small;\"><span style=\"font-size: small;\">Mez\u0151cs\u00e1t V\u00e1rosi SE Lovas Szakoszt\u00e1ly<br \/>\n<\/span><\/span><\/p>\n<p><span style=\"font-size: small;\"><span style=\"font-size: small;\">Showteam Rendezv\u00e9nyszervez\u0151 \u00e9s Szolg\u00e1ltat\u00f3 Kft.<\/span><\/span><\/p>\n<p><span style=\"font-size: small;\">Bartha Lajos \u00e9s csal\u00e1dja<br \/>\n<\/span><\/p>\n<p><span style=\"font-size: small;\">Bukta Gyula<\/span><\/p>\n<p><span style=\"font-size: small;\">De\u00e1k Keresked\u0151h\u00e1z<br \/>\n<\/span><\/p>\n<p><span style=\"font-size: small;\">Ecsedi J\u00e1nos<\/span><\/p>\n<p><span style=\"font-size: small;\">Fr\u00f3na J\u00e1nos<\/span><\/p>\n<p><span style=\"font-size: small;\">Horv\u00e1th G\u00e1bor (mez\u0151cs\u00e1ti kandall\u00f3gy\u00e1r)<br \/>\n<\/span><\/p>\n<p><span style=\"font-size: small;\">Kov\u00e1cs \u00c1rp\u00e1d Ferenc &gt;&gt;&gt; <\/span><a href=\"http:\/\/kovacsarpadferenc.hu\" target=\"_blank\" rel=\"noopener\"><span style=\"font-size: small;\">kovacsarpadferenc.hu<\/span><\/a><\/p>\n<p>Magyari Tam\u00e1s \u00e9s csal\u00e1dja<\/p>\n<p>Nagy Istv\u00e1n<\/p>\n<p>Nagy Tibor<\/p>\n<p><span style=\"font-size: small;\">Nyikes J\u00f3zsefn\u00e9<br \/>\n<\/span><\/p>\n<p><span style=\"font-size: small;\">Papp L\u00e1szl\u00f3 s\u00edrk\u0151 \u00e9s m\u0171k\u0151 k\u00e9sz\u00edt\u0151<\/span><\/p>\n<p>S\u00f3lyom Zolt\u00e1n<\/p>\n<p>Task\u00f3 J\u00f3zsef<\/p>\n<p><span style=\"font-size: small;\">T\u00f3th J\u00e1nos k\u00f6lt\u0151 &gt;&gt;&gt; <\/span><a href=\"http:\/\/www.janusvers.gportal.hu\" target=\"_blank\" rel=\"noopener\"><span style=\"font-size: small;\">www.janusvers.gportal.hu<\/span><\/a><\/p>\n<p>&#8222;\u00daj Gazd\u00e1k \u00a0MTSZ&#8221; &gt;&gt;&gt; <a href=\"http:\/\/www.ujgazdakmtsz.hu\" target=\"_blank\" rel=\"noopener\">ujgazdakmtsz.hu<\/a><cite><\/cite><\/p>\n<p>V\u00e1lyi Lajos &gt;&gt;&gt; <a href=\"http:\/\/www.flextex.hu\" target=\"_blank\" rel=\"noopener\">www.flextex.hu<\/a><\/p>\n<p><span style=\"font-size: small;\">id. Vida L\u00e1szl\u00f3n\u00e9<\/span><\/p>\n<p>Zar\u00e1ndi J\u00e1nos<\/p>\n<p><span style=\"font-size: small;\"><span style=\"font-size: small;\">BM Heros Zrt. &gt;&gt;&gt; <\/span><a href=\"http:\/\/www.bmheros.hu\" target=\"_blank\" rel=\"noopener\"><span style=\"font-size: small;\">www.bmheros.hu<\/span><\/a><\/span><\/p>\n<p>T\u00e9R-EXIM Kft. &gt;&gt;&gt; <a href=\"http:\/\/www.tereximkft.hu\/\" target=\"_blank\" rel=\"noopener\">www.tereximkft.hu<\/a><\/p>\n<p>Er\u0151s\u00a0Lajos<\/p>\n<p>M\u00e9sz\u00e1ros Istv\u00e1n<\/p>\n<p>M\u00e9sz\u00e1ros Ferenc<\/p>\n<p>Ruszkai Erzs\u00e9bet<\/p>\n<p>Horovecz Tibor &gt;&gt;&gt; <a href=\"http:\/\/www.horov.hu\/\" target=\"blank\">www.horov.hu<\/a><\/p>\n<p>Zs\u00f3fia \u00a0Vir\u00e1gbolt<\/p>\n<p>Majorn\u00e9 Jo\u00f3 Beatrix<\/p>\n<p>Frank Zsolt<\/p>\n<p>F\u00e9mker East Kft.<\/p>\n<p>Szil\u00e1gyi Aut\u00f3sbolt<\/p>\n<p>Szab\u00f3 Mikl\u00f3s<\/p>\n<p>ifj. Arn\u00f3th J\u00e1nos<\/p>\n<p>ifj. Arn\u00f3th Istv\u00e1n<\/p>\n<p>Poros J\u00f3zsef<\/p>\n<p>De\u00e1k J\u00f3zsef<\/p>\n<p>Csorba Gy\u00f6rgy<\/p>\n<p>Cs\u00f3tka J\u00f3zsef<\/p>\n<p>Zakar Tibor<\/p>\n<p>Dargai L\u00e1szl\u00f3<\/p>\n<p>Mezei J\u00e1nos<\/p>\n<p>Pecze Ferenc<\/p>\n<p>Tiszakeszi \u00d6nkorm\u00e1nyzata &gt;&gt;&gt; <a href=\"http:\/\/www.tiszakeszi.hu\" target=\"_blank\" rel=\"noopener\">www.tiszakeszi.hu<\/a><\/p>\n<p>Joker Italnagykeresked\u00e9s<\/p>\n<p>ifj. S\u00e1ndor B\u00e9la<\/p>\n<p>Hatranics Zsolt<\/p>\n<p>Bogd\u00e1n Istv\u00e1nn\u00e9<\/p>\n<p>Bert\u00f3k\u00a0 J\u00e1nos<\/p>\n<p>Vince Viktor<\/p>\n<p>Arany Tekn\u0151c Horg\u00e1szbolt<\/p>\n<p>Horv\u00e1th Fatelep<\/p>\n<p>Szopk\u00f3 Tibor<\/p>\n<p>Tolvaj Istv\u00e1n<\/p>\n<p>Jelenfi J\u00f3zsef<\/p>\n","protected":false},"excerpt":{"rendered":"<p>Mez\u00f6s\u00e9gi Gazd\u00e1k ZRT. Mez\u0151cs\u00e1t Mez\u0151cs\u00e1t V\u00e1ros \u00d6nkorm\u00e1nyzata &gt;&gt;&gt; www.mezocsat.hu T\u0171zolt\u00f3 M\u0171szaki Ment\u0151 KFT.\u00a0 Decathlon Debrecen Hell Energy Magyarorsz\u00e1g Kft. Magyar V\u00f6r\u00f6skereszt Dr. Domj\u00e1n L\u00e1szl\u00f3 polg\u00e1rmester Mez\u0151cs\u00e1ti Reform\u00e1tus Egyh\u00e1zk\u00f6zs\u00e9g &gt;&gt;&gt; fenysugar.com Mez\u0151cs\u00e1t V\u00e1rosi SE Lovas Szakoszt\u00e1ly Showteam Rendezv\u00e9nyszervez\u0151 \u00e9s Szolg\u00e1ltat\u00f3 Kft. Bartha Lajos \u00e9s csal\u00e1dja Bukta Gyula De\u00e1k Keresked\u0151h\u00e1z Ecsedi J\u00e1nos Fr\u00f3na J\u00e1nos Horv\u00e1th G\u00e1bor (mez\u0151cs\u00e1ti [&hellip;]<\/p>\n","protected":false},"author":2,"featured_media":0,"parent":0,"menu_order":4,"comment_status":"closed","ping_status":"closed","template":"","meta":{"ngg_post_thumbnail":0,"footnotes":""},"class_list":["post-7","page","type-page","status-publish","hentry"],"_links":{"self":[{"href":"https:\/\/mezocsatote.hu\/index.php?rest_route=\/wp\/v2\/pages\/7","targetHints":{"allow":["GET"]}}],"collection":[{"href":"https:\/\/mezocsatote.hu\/index.php?rest_route=\/wp\/v2\/pages"}],"about":[{"href":"https:\/\/mezocsatote.hu\/index.php?rest_route=\/wp\/v2\/types\/page"}],"author":[{"embeddable":true,"href":"https:\/\/mezocsatote.hu\/index.php?rest_route=\/wp\/v2\/users\/2"}],"replies":[{"embeddable":true,"href":"https:\/\/mezocsatote.hu\/index.php?rest_route=%2Fwp%2Fv2%2Fcomments&post=7"}],"version-history":[{"count":0,"href":"https:\/\/mezocsatote.hu\/index.php?rest_route=\/wp\/v2\/pages\/7\/revisions"}],"wp:attachment":[{"href":"https:\/\/mezocsatote.hu\/index.php?rest_route=%2Fwp%2Fv2%2Fmedia&parent=7"}],"curies":[{"name":"wp","href":"https:\/\/api.w.org\/{rel}","templated":true}]}}