{"id":6547,"date":"2015-09-20T14:35:02","date_gmt":"2015-09-20T14:35:02","guid":{"rendered":"http:\/\/mezocsatote.hu\/?page_id=6547"},"modified":"2019-11-02T18:16:29","modified_gmt":"2019-11-02T18:16:29","slug":"suti-szabalyzat","status":"publish","type":"page","link":"https:\/\/mezocsatote.hu\/?page_id=6547","title":{"rendered":"S\u00fcti szab\u00e1lyzat"},"content":{"rendered":"<p>A weboldal s\u00fcti-szab\u00e1lyzata<\/p>\n<p>Mik azok a s\u00fctik?<\/p>\n<p>A s\u00fcti (m\u00e1s n\u00e9ven cookie) egy kis sz\u00f6vegf\u00e1jl, amelyet az \u00d6n sz\u00e1m\u00edt\u00f3g\u00e9pe, okostelefonja vagy m\u00e1s, internetez\u00e9sre haszn\u00e1lt eszk\u00f6ze t\u00e1rol. A s\u00fctik nem tudnak k\u00e1rt tenni az \u00d6n sz\u00e1m\u00edt\u00f3g\u00e9p\u00e9ben vagy az azon szerepl\u0151 f\u00e1jlokban.<\/p>\n<p>Mit csin\u00e1lunk a s\u00fctikkel?<\/p>\n<p>A s\u00fctik seg\u00edts\u00e9g\u00e9vel felismerj\u00fck, ha ugyanazzal a sz\u00e1m\u00edt\u00f3g\u00e9ppel l\u00e9p be a weboldalra, \u00edgy meg tudjuk jegyezni az \u00d6n be\u00e1ll\u00edt\u00e1sait, ezzel k\u00e9nyelmesebb\u00e9 t\u00e9ve az oldal haszn\u00e1lat\u00e1t. S\u00fctik haszn\u00e1lat\u00e1val val\u00f3ban olyan programokat tudunk aj\u00e1nlani \u00d6nnek, amelyek \u00e9rdekl\u0151d\u00e9s\u00e9nek igaz\u00e1n megfelelnek.<\/p>\n<p>Hogyan tudja let\u00f6r\u00f6lni a s\u00fctiket?<\/p>\n<p>A legt\u00f6bb s\u00fctinek szavatoss\u00e1ga van, amely ut\u00e1n automatikusan lej\u00e1r, \u00e9s m\u00e1r nem figyeli meg, hogy \u00d6n mit b\u00f6ng\u00e9szik. Azonban azt is v\u00e1laszthatja, hogy a lej\u00e1rati szavatoss\u00e1g el\u0151tt, saj\u00e1t kez\u0171leg let\u00f6rli ezeket a s\u00fctiket. Alkalmazza ehhez b\u00f6ng\u00e9sz\u0151je haszn\u00e1lati utas\u00edt\u00e1sait!<\/p>\n","protected":false},"excerpt":{"rendered":"<p>A weboldal s\u00fcti-szab\u00e1lyzata Mik azok a s\u00fctik? A s\u00fcti (m\u00e1s n\u00e9ven cookie) egy kis sz\u00f6vegf\u00e1jl, amelyet az \u00d6n sz\u00e1m\u00edt\u00f3g\u00e9pe, okostelefonja vagy m\u00e1s, internetez\u00e9sre haszn\u00e1lt eszk\u00f6ze t\u00e1rol. A s\u00fctik nem tudnak k\u00e1rt tenni az \u00d6n sz\u00e1m\u00edt\u00f3g\u00e9p\u00e9ben vagy az azon szerepl\u0151 f\u00e1jlokban. Mit csin\u00e1lunk a s\u00fctikkel? A s\u00fctik seg\u00edts\u00e9g\u00e9vel felismerj\u00fck, ha ugyanazzal a sz\u00e1m\u00edt\u00f3g\u00e9ppel l\u00e9p be a [&hellip;]<\/p>\n","protected":false},"author":1,"featured_media":0,"parent":0,"menu_order":80,"comment_status":"closed","ping_status":"closed","template":"","meta":{"ngg_post_thumbnail":0,"footnotes":""},"class_list":["post-6547","page","type-page","status-publish","hentry"],"_links":{"self":[{"href":"https:\/\/mezocsatote.hu\/index.php?rest_route=\/wp\/v2\/pages\/6547","targetHints":{"allow":["GET"]}}],"collection":[{"href":"https:\/\/mezocsatote.hu\/index.php?rest_route=\/wp\/v2\/pages"}],"about":[{"href":"https:\/\/mezocsatote.hu\/index.php?rest_route=\/wp\/v2\/types\/page"}],"author":[{"embeddable":true,"href":"https:\/\/mezocsatote.hu\/index.php?rest_route=\/wp\/v2\/users\/1"}],"replies":[{"embeddable":true,"href":"https:\/\/mezocsatote.hu\/index.php?rest_route=%2Fwp%2Fv2%2Fcomments&post=6547"}],"version-history":[{"count":0,"href":"https:\/\/mezocsatote.hu\/index.php?rest_route=\/wp\/v2\/pages\/6547\/revisions"}],"wp:attachment":[{"href":"https:\/\/mezocsatote.hu\/index.php?rest_route=%2Fwp%2Fv2%2Fmedia&parent=6547"}],"curies":[{"name":"wp","href":"https:\/\/api.w.org\/{rel}","templated":true}]}}