{"id":6,"date":"2019-03-26T13:13:22","date_gmt":"2019-03-26T13:13:22","guid":{"rendered":"http:\/\/mezocsatote.hu\/?page_id=6"},"modified":"2023-06-25T13:05:57","modified_gmt":"2023-06-25T13:05:57","slug":"elerhetosegek","status":"publish","type":"page","link":"https:\/\/mezocsatote.hu\/?page_id=6","title":{"rendered":"El\u00e9rhet\u0151s\u00e9gek"},"content":{"rendered":"<p><strong>Mez\u0151cs\u00e1t \u00e9s k\u00f6rny\u00e9ke \u00d6nk\u00e9ntes T\u0171zolt\u00f3 Egyes\u00fclet<\/strong><\/p>\n<p>Sz\u00e9khely: <strong>3450 Mez\u0151cs\u00e1t, Szent Istv\u00e1n u. 38.\/a<\/strong><\/p>\n<p>Ad\u00f3sz\u00e1m: <strong>18417212-1-05<\/strong><\/p>\n<p>Banksz\u00e1mlasz\u00e1m: <strong>11734217-20006015<\/strong><\/p>\n<p><a href=\"mailto:info@mezocsatote.hu\">info@mezocsatote.hu<\/a><\/p>\n<p>CS\u00c1SZ\u00c1R J\u00c1NOS \u00a0 \u00a0 \u00a0 \u00a0 \u00a0\u00a0 Eln\u0151k<\/p>\n<pre><strong>KOV\u00c1CS TAM\u00c1S 06-30 089 55 78 \u00a0 \u00a0Parancsnok<\/strong><\/pre>\n<pre><b>BORSOS M\u00c1T\u00c9 06-20-922-87-64  \u00a0Vezet\u0151s\u00e9gi Tag<\/b><\/pre>\n<pre><strong>Eszes Istv\u00e1n \u00a0 \u00a0 \u00a0Vezet\u0151s\u00e9gi Tag<\/strong><\/pre>\n<pre><strong>M. Varga G\u00e1bor 06-70-409-04-96<\/strong><\/pre>\n<p><strong>Seg\u00e9lyh\u00edv\u00f3sz\u00e1m: 105<\/strong><\/p>\n","protected":false},"excerpt":{"rendered":"<p>Mez\u0151cs\u00e1t \u00e9s k\u00f6rny\u00e9ke \u00d6nk\u00e9ntes T\u0171zolt\u00f3 Egyes\u00fclet Sz\u00e9khely: 3450 Mez\u0151cs\u00e1t, Szent Istv\u00e1n u. 38.\/a Ad\u00f3sz\u00e1m: 18417212-1-05 Banksz\u00e1mlasz\u00e1m: 11734217-20006015 info@mezocsatote.hu CS\u00c1SZ\u00c1R J\u00c1NOS \u00a0 \u00a0 \u00a0 \u00a0 \u00a0\u00a0 Eln\u0151k KOV\u00c1CS TAM\u00c1S 06-30 089 55 78 \u00a0 \u00a0Parancsnok BORSOS M\u00c1T\u00c9 06-20-922-87-64 \u00a0Vezet\u0151s\u00e9gi Tag Eszes Istv\u00e1n \u00a0 \u00a0 \u00a0Vezet\u0151s\u00e9gi Tag M. Varga G\u00e1bor 06-70-409-04-96 Seg\u00e9lyh\u00edv\u00f3sz\u00e1m: 105<\/p>\n","protected":false},"author":2,"featured_media":0,"parent":0,"menu_order":5,"comment_status":"closed","ping_status":"closed","template":"","meta":{"ngg_post_thumbnail":0,"footnotes":""},"class_list":["post-6","page","type-page","status-publish","hentry"],"_links":{"self":[{"href":"https:\/\/mezocsatote.hu\/index.php?rest_route=\/wp\/v2\/pages\/6","targetHints":{"allow":["GET"]}}],"collection":[{"href":"https:\/\/mezocsatote.hu\/index.php?rest_route=\/wp\/v2\/pages"}],"about":[{"href":"https:\/\/mezocsatote.hu\/index.php?rest_route=\/wp\/v2\/types\/page"}],"author":[{"embeddable":true,"href":"https:\/\/mezocsatote.hu\/index.php?rest_route=\/wp\/v2\/users\/2"}],"replies":[{"embeddable":true,"href":"https:\/\/mezocsatote.hu\/index.php?rest_route=%2Fwp%2Fv2%2Fcomments&post=6"}],"version-history":[{"count":0,"href":"https:\/\/mezocsatote.hu\/index.php?rest_route=\/wp\/v2\/pages\/6\/revisions"}],"wp:attachment":[{"href":"https:\/\/mezocsatote.hu\/index.php?rest_route=%2Fwp%2Fv2%2Fmedia&parent=6"}],"curies":[{"name":"wp","href":"https:\/\/api.w.org\/{rel}","templated":true}]}}