{"id":2361,"date":"2013-03-16T17:01:19","date_gmt":"2013-03-16T17:01:19","guid":{"rendered":"http:\/\/mezocsatote.hu\/?page_id=2361"},"modified":"2021-08-14T16:08:45","modified_gmt":"2021-08-14T16:08:45","slug":"felszereleseink","status":"publish","type":"page","link":"https:\/\/mezocsatote.hu\/?page_id=2361","title":{"rendered":"Felszerel\u00e9seink"},"content":{"rendered":"<p><b>Ifa g\u00e9pj\u00e1rm\u0171fecskend\u0151<\/b><\/p>\n<p>Ifa w50<br \/>\n4 hengeres, 5+1 sebess\u00e9ges<br \/>\nszerv\u00f3korm\u00e1nyos<br \/>\n\u00f6sszker\u00e9k hajt\u00e1sos, differenci\u00e1l z\u00e1rral \u00e9s felez\u0151vel rendelkezik<br \/>\n2000L v\u00edzet,<br \/>\n500L Ev\u00e1m habanyagot sz\u00e1ll\u00edt<br \/>\nBe\u00e9p\u00edtett hab-<wbr \/>v\u00edz\u00e1gy\u00fa, avarolt\u00f3 berendez\u00e9s<br \/>\nEl\u0151re szerelt gyorsbeavatkoz\u00f3 rendszer<br \/>\nSzivatty\u00fa tip.:TLF 16GMK<br \/>\n2 l\u00e9pcs\u00f6s norm\u00e1l \u00f6rv\u00e9ny szivatty\u00fa<br \/>\nNyom\u00f3oldali bekever\u00e9ses (az-<wbr \/>az egyszerre tud habot \u00e9s v\u00edzet adni)<a href=\"http:\/\/mezocsatote.hu\/wp-content\/uploads\/2013\/03\/vagyok-116.jpg\"><img loading=\"lazy\" decoding=\"async\" class=\"aligncenter size-medium wp-image-2364\" src=\"http:\/\/mezocsatote.hu\/wp-content\/uploads\/2013\/03\/vagyok-116-300x225.jpg\" alt=\"SEMC 3MP DSC\" width=\"300\" height=\"225\" srcset=\"https:\/\/mezocsatote.hu\/wp-content\/uploads\/2013\/03\/vagyok-116-300x225.jpg 300w, https:\/\/mezocsatote.hu\/wp-content\/uploads\/2013\/03\/vagyok-116-1024x768.jpg 1024w, https:\/\/mezocsatote.hu\/wp-content\/uploads\/2013\/03\/vagyok-116.jpg 2048w\" sizes=\"auto, (max-width: 300px) 100vw, 300px\" \/><\/a><a href=\"http:\/\/mezocsatote.hu\/wp-content\/uploads\/2013\/03\/vagyok-117.jpg\"><img loading=\"lazy\" decoding=\"async\" class=\"aligncenter size-medium wp-image-2365\" src=\"http:\/\/mezocsatote.hu\/wp-content\/uploads\/2013\/03\/vagyok-117-300x225.jpg\" alt=\"SEMC 3MP DSC\" width=\"300\" height=\"225\" srcset=\"https:\/\/mezocsatote.hu\/wp-content\/uploads\/2013\/03\/vagyok-117-300x225.jpg 300w, https:\/\/mezocsatote.hu\/wp-content\/uploads\/2013\/03\/vagyok-117-1024x768.jpg 1024w, https:\/\/mezocsatote.hu\/wp-content\/uploads\/2013\/03\/vagyok-117.jpg 2048w\" sizes=\"auto, (max-width: 300px) 100vw, 300px\" \/><\/a><\/p>\n<p>2 db Kasmin szivatty\u00fa<\/p>\n<p>2 db Yamaha 28 cs\u00f3nak motor<\/p>\n<p>2 db Honda szivatty\u00fa<\/p>\n<p>2 db Auer l\u00e9gz\u0151 k\u00e9sz\u00fcl\u00e9k<\/p>\n<p>4 db Drager komplett l\u00e9gz\u0151k\u00e9sz\u00fcl\u00e9k<\/p>\n<p>2 db Aga l\u00e9gz\u0151 k\u00e9sz\u00fcl\u00e9k<\/p>\n<p>2 db \u00c1ramfejleszt\u0151<\/p>\n<p>4 db l\u00e1ncf\u0171r\u00e9sz<\/p>\n<p>Szepura r\u00e1di\u00f3 k\u00e9zi 2 db,\u00e9s stabil r\u00e1di\u00f3<\/p>\n<p>V\u00e9d\u0151ruh\u00e1k<\/p>\n<p>V\u00e9d\u0151csizm\u00e1k<\/p>\n<p>V\u00e9d\u0151sisakok<\/p>\n<p>A-B-C t\u00f6ml\u0151k<\/p>\n<p>1 db Puttonyfecskend\u0151<\/p>\n<p>K\u00e9zi l\u00e1mp\u00e1k<\/p>\n<p>Arctic cat qvad 400 as<\/p>\n<p>Volkswagen Amarok g\u00e9pkocsi ment\u0151csoport<a href=\"http:\/\/mezocsatote.hu\/wp-content\/uploads\/2020\/04\/28.jpg\"><img loading=\"lazy\" decoding=\"async\" class=\"aligncenter size-medium wp-image-7520\" src=\"http:\/\/mezocsatote.hu\/wp-content\/uploads\/2020\/04\/28-300x225.jpg\" alt=\"\" width=\"300\" height=\"225\" srcset=\"https:\/\/mezocsatote.hu\/wp-content\/uploads\/2020\/04\/28-300x225.jpg 300w, https:\/\/mezocsatote.hu\/wp-content\/uploads\/2020\/04\/28.jpg 720w\" sizes=\"auto, (max-width: 300px) 100vw, 300px\" \/><\/a>Tata terepj\u00e1r\u00f3\u00a0 g\u00e9pkocsi<\/p>\n<p>Aretic cat qvad 400 as ment\u0151csoport<a href=\"http:\/\/mezocsatote.hu\/wp-content\/uploads\/2020\/04\/112.jpg\"><br \/>\n<img loading=\"lazy\" decoding=\"async\" class=\"aligncenter size-medium wp-image-7690\" src=\"http:\/\/mezocsatote.hu\/wp-content\/uploads\/2020\/04\/112-300x225.jpg\" alt=\"\" width=\"300\" height=\"225\" srcset=\"https:\/\/mezocsatote.hu\/wp-content\/uploads\/2020\/04\/112-300x225.jpg 300w, https:\/\/mezocsatote.hu\/wp-content\/uploads\/2020\/04\/112-768x576.jpg 768w, https:\/\/mezocsatote.hu\/wp-content\/uploads\/2020\/04\/112.jpg 960w\" sizes=\"auto, (max-width: 300px) 100vw, 300px\" \/><\/a><\/p>\n","protected":false},"excerpt":{"rendered":"<p>Ifa g\u00e9pj\u00e1rm\u0171fecskend\u0151 Ifa w50 4 hengeres, 5+1 sebess\u00e9ges szerv\u00f3korm\u00e1nyos \u00f6sszker\u00e9k hajt\u00e1sos, differenci\u00e1l z\u00e1rral \u00e9s felez\u0151vel rendelkezik 2000L v\u00edzet, 500L Ev\u00e1m habanyagot sz\u00e1ll\u00edt Be\u00e9p\u00edtett hab-v\u00edz\u00e1gy\u00fa, avarolt\u00f3 berendez\u00e9s El\u0151re szerelt gyorsbeavatkoz\u00f3 rendszer Szivatty\u00fa tip.:TLF 16GMK 2 l\u00e9pcs\u00f6s norm\u00e1l \u00f6rv\u00e9ny szivatty\u00fa Nyom\u00f3oldali bekever\u00e9ses (az-az egyszerre tud habot \u00e9s v\u00edzet adni) 2 db Kasmin szivatty\u00fa 2 db Yamaha 28 [&hellip;]<\/p>\n","protected":false},"author":2,"featured_media":0,"parent":0,"menu_order":0,"comment_status":"closed","ping_status":"closed","template":"","meta":{"ngg_post_thumbnail":0,"footnotes":""},"class_list":["post-2361","page","type-page","status-publish","hentry"],"_links":{"self":[{"href":"https:\/\/mezocsatote.hu\/index.php?rest_route=\/wp\/v2\/pages\/2361","targetHints":{"allow":["GET"]}}],"collection":[{"href":"https:\/\/mezocsatote.hu\/index.php?rest_route=\/wp\/v2\/pages"}],"about":[{"href":"https:\/\/mezocsatote.hu\/index.php?rest_route=\/wp\/v2\/types\/page"}],"author":[{"embeddable":true,"href":"https:\/\/mezocsatote.hu\/index.php?rest_route=\/wp\/v2\/users\/2"}],"replies":[{"embeddable":true,"href":"https:\/\/mezocsatote.hu\/index.php?rest_route=%2Fwp%2Fv2%2Fcomments&post=2361"}],"version-history":[{"count":0,"href":"https:\/\/mezocsatote.hu\/index.php?rest_route=\/wp\/v2\/pages\/2361\/revisions"}],"wp:attachment":[{"href":"https:\/\/mezocsatote.hu\/index.php?rest_route=%2Fwp%2Fv2%2Fmedia&parent=2361"}],"curies":[{"name":"wp","href":"https:\/\/api.w.org\/{rel}","templated":true}]}}