{"id":10,"date":"2010-04-23T13:13:22","date_gmt":"2010-04-23T13:13:22","guid":{"rendered":"http:\/\/mezocsatote.hu\/?page_id=10"},"modified":"2012-01-06T20:08:24","modified_gmt":"2012-01-06T20:08:24","slug":"mezocsatrol","status":"publish","type":"page","link":"https:\/\/mezocsatote.hu\/?page_id=10","title":{"rendered":"Mez\u0151cs\u00e1tr\u00f3l"},"content":{"rendered":"<p style=\"text-align: justify;\"><img loading=\"lazy\" decoding=\"async\" style=\"margin: 10px; float: left;\" src=\"http:\/\/mezocsatote.hu\/wp-content\/uploads\/csat\/csat01.jpg\" alt=\"\" width=\"191\" height=\"128\" \/>Mez\u0151cs\u00e1t a kist\u00e9rs\u00e9g m\u00e1sik v\u00e1rosa, mely a Borsodi &#8211; Mez\u0151s\u00e9g k\u00f6zep\u00e9n tal\u00e1lhat\u00f3. A csaknem 7000-es l\u00e9leksz\u00e1m\u00fa kisv\u00e1ros a tisza\u00fajv\u00e1rosi kist\u00e9rs\u00e9g d\u00e9li r\u00e9sz\u00e9t l\u00e1tja el, de a komolyabb teend\u0151ket Tisza\u00fajv\u00e1rosban lehet elint\u00e9zni. Mez\u0151cs\u00e1t a k\u00f6rny\u00e9k k\u00f6z\u00fati k\u00f6zleked\u00e9si csom\u00f3pontja is, az utak a belv\u00e1rosban 4 fel\u00e9 \u00e1gaznak el, Tiszakeszi illetve Tisza\u00fajv\u00e1ros ir\u00e1ny\u00e1ba, \u00c1rokt\u0151n kereszt\u00fcl a Tisza-t\u00f3hoz, Gelejen \u00e1t Mez\u0151k\u00f6vesd fel\u00e9, \u00e9szakra pedig Ny\u00e9kl\u00e1dh\u00e1z\u00e1ra a 3-as f\u0151\u00fatvonalig. A telep\u00fcl\u00e9snek vas\u00fatvonala is van, amely sz\u00e1rnyvonalk\u00e9nt csatlakozik a Miskolc-Budapest f\u0151vonalhoz. R\u00f6vid id\u0151n bel\u00fcl pedig a v\u00e1rost\u00f3l n\u00e9h\u00e1ny kilom\u00e9terre \u00e9szakra fog elhaladni az M3-as aut\u00f3p\u00e1lya, ett\u0151l valamivel t\u00f6bbre nyugatra, \u00e9szaknyugatra pedig az M30-as gyorsforgalmi \u00fatszakasz.<\/p>\n<p style=\"text-align: justify;\">A ter\u00fclet, ahol Mez\u0151cs\u00e1t \u00e9p\u00fclt, z\u00f6mmel l\u00f6sz\u00f6s talaj\u00fa (j\u00f3 legel\u0151k), foltokban agyagos (fazekasok alapanyag\u00e1ul szolg\u00e1lt) \u00e9s homokos (sz\u0151l\u0151- \u00e9s bortermel\u00e9sre megfelel\u0151). A Saj\u00f3 \u00e9s Hern\u00e1d foly\u00f3k nagymennyis\u00e9g\u0171 kavicsot ter\u00edtettek sz\u00e9t a ter\u00fcleten, amelyre ma kavicsb\u00e1ny\u00e1k telep\u00fcltek Mez\u0151cs\u00e1ton is. A v\u00e1ros \u00e9s k\u00f6rny\u00e9k\u00e9nek n\u00f6v\u00e9ny \u00e9s \u00e1llatvil\u00e1ga az id\u0151k folyam\u00e1n jelent\u0151sen megv\u00e1ltozott. Kezdetben a nedvess\u00e9get kedvel\u0151 fajok egy\u00fctt teny\u00e9sztek a sz\u00e1razs\u00e1g- \u00e9s s\u00f3t\u0171r\u0151 n\u00f6v\u00e9nyekkel, m\u00e1ra viszont ez ut\u00f3bbiak domin\u00e1lnak. A vizes, d\u00fas n\u00f6v\u00e9nyzet\u0171 ter\u00fcletek kisz\u00e1rad\u00e1s\u00e1val az ott \u00e9l\u0151 madarak \u00e9s egy\u00e9b \u00e1llatok k\u00f6zelebb k\u00f6lt\u00f6ztek a Tisz\u00e1hoz, viszont a homokpuszt\u00e1kra \u00e9s szikesekre jellemz\u0151 el\u0151vil\u00e1g foltokban m\u00e9g mindig megtal\u00e1lhat\u00f3 a v\u00e1ros hat\u00e1r\u00e1ban.<\/p>\n<p style=\"text-align: justify;\">A ter\u00fclet j\u00f3 term\u00e9szeti adotts\u00e1gai r\u00e9v\u00e9n m\u00e1r \u00e9vezredek \u00f3ta lakott volt, a Tisza gyakori \u00e1rad\u00e1sai miatt az akkori n\u00e9pek itt telepedtek le, biztos t\u00e1volban a vesz\u00e9lyt\u0151l. Ennek bizony\u00edt\u00e9kai a sz\u00e1mos r\u00e9g\u00e9szeti lelet, melyben Mez\u0151cs\u00e1t igen gazdag.<\/p>\n<p style=\"text-align: justify;\"><img loading=\"lazy\" decoding=\"async\" style=\"margin: 10px; float: left;\" src=\"http:\/\/mezocsatote.hu\/wp-content\/uploads\/csat\/csat02.jpg\" alt=\"\" width=\"197\" height=\"128\" \/>A honfoglal\u00e1st k\u00f6vet\u0151en, a m\u00e1s telep\u00fcl\u00e9sekn\u00e9l is felmer\u00fcl\u0151, \u00d6rsur nemzets\u00e9g birtokolta a ter\u00fcletet. \u00cdr\u00e1sos eml\u00e9kek el\u0151sz\u00f6r 1225-ben keletkeztek, amikor a telep\u00fcl\u00e9st m\u00e9g Sath-nak h\u00edvt\u00e1k. A falu ekkor k\u00e9t r\u00e9szb\u0151l \u00e1llt, Szabadcs\u00e1tb\u00f3l, ahol a szabad jobb\u00e1gyok, \u00e9s Lakcs\u00e1tb\u00f3l, ahol a szolg\u00e1k laktak. A telep\u00fcl\u00e9s neve az oklevelekben t\u00f6bbf\u00e9lek\u00e9ppen is szerepel: Chat, Chiat, Cziath, Ts\u00e1t, Csath, Cs\u00e1t, Mez\u0151cs\u00e1th. A tat\u00e1rj\u00e1r\u00e1skor j\u00f3 mened\u00e9k volt t\u00f6bbezer magyar sz\u00e1m\u00e1ra, hiszen az akkori telep\u00fcl\u00e9st tavak, l\u00e1pok, mocsarak \u00e9s a Tisza \u00f6lelte k\u00f6r\u00fcl.<\/p>\n<p style=\"text-align: justify;\">Az eml\u00e9kek szerint 1283-ban itt id\u0151z\u00f6tt egy ideig IV. L\u00e1szl\u00f3 kir\u00e1ly is. B\u00e1r a XIV. sz\u00e1zad elej\u00e9n m\u00e9g templommal sem rendelkezett, a sz\u00e1zad k\u00f6zep\u00e9t\u0151l jelent\u0151s egyh\u00e1zat tart fent, \u00edgy m\u00e1r akkor fontos k\u00f6zpontnak sz\u00e1m\u00edtott a k\u00f6rny\u00e9ken. A telep\u00fcl\u00e9s legjelent\u0151sebb birtokosa a Tornaallyai csal\u00e1d volt, aki t\u00f6bb m\u00e1s helys\u00e9ggel egy\u00fctt 1474-ben kapta adom\u00e1nyul a vid\u00e9ket M\u00e1ty\u00e1s kir\u00e1lyt\u00f3l, mint az uralkod\u00f3 legh\u0171s\u00e9gesebb h\u00edve.<\/p>\n<p style=\"text-align: justify;\">A t\u00f6r\u00f6k id\u0151kben a mez\u0151keresztesi csata (1596) ut\u00e1n n\u00e9ptelenn\u00e9 v\u00e1lt, a helyzet pedig csak 1-2 \u00e9vtized m\u00falt\u00e1n fordult jobbra, amikor Borsod megye az erd\u00e9lyi fejedelems\u00e9ghez ker\u00fclt, \u00edgy valamivel biztons\u00e1gosabb lett a k\u00f6rny\u00e9k. Ennek eredm\u00e9nyek\u00e9ppen 1626-ra Cs\u00e1t lakoss\u00e1ga m\u00e1r 79 csal\u00e1dra gyarapodott. 1698-ban Lip\u00f3t cs\u00e1sz\u00e1r v\u00e1s\u00e1rtart\u00e1si jogot ad, \u00e9s v\u00e1mszed\u0151 helyet is kijel\u00f6l, \u00edgy az ez\u00e1ltal elind\u00edtott fejl\u0151d\u00e9s k\u00f6vetkezm\u00e9nyek\u00e9nt a XVIII. sz\u00e1zad elej\u00e9n mez\u0151v\u00e1rosi rangot kap. Jelent\u0151s\u00e9g\u00e9t mutatja, hogy 1713-ban \u00e9s 1715-ben megyegy\u0171l\u00e9seket is tartottak az akkori v\u00e1rosban.<\/p>\n<p style=\"text-align: justify;\"><img loading=\"lazy\" decoding=\"async\" style=\"margin: 10px; float: left;\" src=\"http:\/\/mezocsatote.hu\/wp-content\/uploads\/csat\/csat03.jpg\" alt=\"\" width=\"134\" height=\"190\" \/>A h\u00edres szem\u00e9lyek k\u00f6z\u00fcl v\u00e1rosban sz\u00fcletett 1843-ban Kiss J\u00f3zsef k\u00f6lt\u0151 akinek a nev\u00e9t ma a Gimn\u00e1zium \u00e9s Szakk\u00f6z\u00e9piskola viseli, \u00e9s itt lakott n\u00e9h\u00e1ny \u00e9vig 1832-t\u0151l Egressy B\u00e9ni k\u00f6lt\u0151, zeneszerz\u0151 is. Az 1848\/49-es forradalom \u00e9s szabads\u00e1gharc idej\u00e9n a lakoss\u00e1g j\u00f3 r\u00e9sze Kossuth p\u00e1rti \u00e9s sz\u00e9p sz\u00e1mmal vesznek r\u00e9szt a harcokban is. A szabads\u00e1gharc v\u00e9ge fel\u00e9 a c\u00e1ri csapatok felgy\u00fajtj\u00e1k Mez\u0151cs\u00e1tot, \u00e9s a v\u00e1ros csaknem teljesen elpusztul.<\/p>\n<p style=\"text-align: justify;\">A XIX. sz\u00e1zad iparos\u00edt\u00e1si hull\u00e1ma sajnos kihagyta a vid\u00e9ket, \u00edgy a fejl\u0151d\u00e9s megtorpant, amely ma is \u00e9rezteti hat\u00e1s\u00e1t, hiszen jelenleg sincs sz\u00e1mottev\u0151 ipari \u00e9s mez\u0151gazdas\u00e1gi \u00fczeme. Ez t\u00f6bbek k\u00f6z\u00f6tt annak is tulajdon\u00edthat\u00f3, hogy az 1868-ban meg\u00e9p\u00edtett Miskolc-Budapest vas\u00fati f\u0151vonal a j\u00e1r\u00e1s f\u00f6ldesurainak \u00e9s kisnemeseinek tiltakoz\u00e1sa miatt kihagyta Mez\u0151cs\u00e1tot. Ebben a korban ink\u00e1bb a k\u00e9zm\u0171vesipar, ezenbel\u00fcl f\u0151leg a ker\u00e1miaipar fejl\u0151d\u00f6tt, amely azonban 1920-as \u00e9vek elej\u00e9n j\u00f3r\u00e9szt megsz\u0171nt.<\/p>\n<p style=\"text-align: justify;\">A telep\u00fcl\u00e9sen a XIX. sz\u00e1zadban a c\u00e9hesipar \u00e9s a h\u00e1ziipar, ezen bel\u00fcl a k\u00e9zm\u0171vess\u00e9g v\u00e1lt h\u00edress\u00e9. H\u00edresek voltak a mez\u0151cs\u00e1ti csizmadi\u00e1k, vas- \u00e9s f\u00e9mm\u0171ves c\u00e9hek, sz\u0171csiparosok, fazekasok. A t\u00e1j jellegzetes term\u00e9kei voltak a Miska-kancs\u00f3k, k\u00fcl\u00f6nb\u00f6z\u0151 t\u00e1lak, t\u00e1ny\u00e9rok \u00e9s butykosok, melyeket ma a k\u00e9t t\u00e1jh\u00e1zban, illetve a ki\u00e1ll\u00edt\u00f3teremben tekinthet\u00fcnk meg. A k\u00e9zm\u0171vesek term\u00e9kei keresett \u00e1rucikkek voltak Miskolc, Polg\u00e1r, Karcag, N\u00e1n\u00e1s, Debrecen, Kassa, Eger, Tiszadob, M\u00e1ramarossziget piacain, de ebben az id\u0151ben Mez\u0151cs\u00e1t is rendezett orsz\u00e1gos szint\u0171 v\u00e1s\u00e1rokat. A sz\u00e1zadfordul\u00f3 k\u00f6rny\u00e9k\u00e9n sokat fejl\u0151d\u00f6tt az infrastrukt\u00fara, meg\u00e9p\u00fcltek a j\u00e1r\u00e1ssz\u00e9khely funkci\u00f3 bet\u00f6lt\u00e9s\u00e9hez sz\u00fcks\u00e9ges korszer\u0171 \u00e9p\u00fcletek (Kir\u00e1lyi Ad\u00f3hivatal, J\u00e1r\u00e1sb\u00edr\u00f3s\u00e1g). Kiemelked\u0151 jelent\u0151s\u00e9g\u0171ek voltak a nagykapacit\u00e1s\u00fa malmok, melyek a k\u00f6rny\u00e9k \u0151rl\u00e9si sz\u00fcks\u00e9gleteit is kiel\u00e9g\u00edtett\u00e9k.<\/p>\n<p style=\"text-align: justify;\"><img loading=\"lazy\" decoding=\"async\" style=\"margin: 10px; float: left;\" src=\"http:\/\/mezocsatote.hu\/wp-content\/uploads\/csat\/csat04.jpg\" alt=\"\" width=\"191\" height=\"128\" \/><img loading=\"lazy\" decoding=\"async\" style=\"margin: 10px; float: right;\" src=\"http:\/\/mezocsatote.hu\/wp-content\/uploads\/csat\/csat05.jpg\" alt=\"\" width=\"128\" height=\"191\" \/>Az I. vil\u00e1gh\u00e1bor\u00faban a telep\u00fcl\u00e9s f\u00e9rfi lakoss\u00e1g\u00e1nak jelent\u0151s r\u00e9sz\u00e9t besorozt\u00e1k, akik k\u00f6z\u00fcl 176-an lettek a h\u00e1bor\u00fa \u00e1ldozatai. A k\u00e9t h\u00e1bor\u00fa k\u00f6zti id\u0151szak ar\u00e1nylag nyugodtan zajlott, \u00e9s k\u00f6zben a telep\u00fcl\u00e9s is fejl\u0151d\u00f6tt (\u00f3voda, iskola l\u00e9tes\u00fcl). Ezt azonban megtorpantotta a II. vil\u00e1gh\u00e1bor\u00fa kit\u00f6r\u00e9se, \u00e9s az azt megel\u0151z\u0151 esem\u00e9nyek (zsid\u00f3\u00fcld\u00f6z\u00e9sek \u00e9s elhurcol\u00e1sok), mely alatt 509-en esnek \u00e1ldozatul a telep\u00fcl\u00e9s lakosai k\u00f6z\u00fcl. A h\u00e1bor\u00fa v\u00e9ge fel\u00e9, 1944 november\u00e9ben a szovjetek \u00c1rokt\u0151 fel\u0151l \u00e9rkezv\u00e9n kiszor\u00edtott\u00e1k a n\u00e9met \u00e9s sz\u00f6vets\u00e9ges magyar csapatokat a k\u00f6zs\u00e9gb\u0151l.<\/p>\n<p style=\"text-align: justify;\">A kommunista \u00e9r\u00e1ban a telep\u00fcl\u00e9s j\u00e1r\u00e1si sz\u00e9khely szerepk\u00f6re egyre jobban gyeng\u00fclt, ahogy az 1960-as \u00e9vekt\u0151l kezdve 1982-ig a hivatalok sorra \u00e1tk\u00f6lt\u00f6ztek Tiszaszederk\u00e9nybe (illetve Leninv\u00e1rosba). Ennek ellen\u00e9re a v\u00e1ros infrastrukt\u00far\u00e1ja tov\u00e1bb moderniz\u00e1l\u00f3dott \u00e9s az akkori k\u00f6zs\u00e9g egyre kisv\u00e1rosiasabb\u00e1 v\u00e1lt, melynek eredm\u00e9nyek\u00e9ppen 1991-ben Mez\u0151cs\u00e1t visszakapta a XX. sz\u00e1zad elej\u00e9n elvesztett v\u00e1rosi rangj\u00e1t. Az ut\u00f3bbi \u00e9vtizedben b\u0151v\u00fclt a v\u00edztiszt\u00edt\u00f3, teljesk\u00f6r\u0171v\u00e9 v\u00e1lt a telefon- \u00e9s g\u00e1zh\u00e1l\u00f3zat, fel\u00e9p\u00fclt a modern aut\u00f3buszp\u00e1lyaudvar.<\/p>\n<p style=\"text-align: justify;\"><img loading=\"lazy\" decoding=\"async\" style=\"margin: 10px; float: left;\" src=\"http:\/\/mezocsatote.hu\/wp-content\/uploads\/csat\/csat06.jpg\" alt=\"\" width=\"191\" height=\"128\" \/>Jelenleg Mez\u0151cs\u00e1t igen elmaradott a t\u00e9rs\u00e9g m\u00e1sik v\u00e1ros\u00e1hoz, Tisza\u00fajv\u00e1roshoz k\u00e9pest, igen magas a munkan\u00e9lk\u00fclis\u00e9g \u00e9s nagyobb ipari \u00fczeme sincs. Ezen rem\u00e9l seg\u00edteni a hamarosan elk\u00e9sz\u00fcl\u0151 aut\u00f3p\u00e1lya, mely a kisv\u00e1ros hat\u00e1r\u00e1ban fog elhaladni. Az \u00f6nkorm\u00e1nyzat nagy lehet\u0151s\u00e9get l\u00e1t benne, melyt\u0151l nemcsak az ipar megteleped\u00e9s\u00e9t v\u00e1rj\u00e1k, hanem az idegenforgalom fejl\u0151d\u00e9s\u00e9t is.<\/p>\n<p style=\"text-align: justify;\"><strong>Idegenforgalmi \u00e9rt\u00e9kek a v\u00e1rosban:<\/strong><\/p>\n<p style=\"text-align: justify;\"><img loading=\"lazy\" decoding=\"async\" style=\"margin: 10px; float: right;\" src=\"http:\/\/mezocsatote.hu\/wp-content\/uploads\/csat\/csat07.jpg\" alt=\"\" width=\"191\" height=\"128\" \/>A mez\u0151cs\u00e1ti turizmus alapjait jelentik a v\u00e1ros n\u00e9pi \u00e9s t\u00f6rt\u00e9nelmi \u00e9rt\u00e9kei (n\u00e9pi lak\u00f3h\u00e1zak, k\u00f6z\u00e9p\u00fcletek, n\u00e9pm\u0171v\u00e9szeti alkot\u00e1sok), a term\u00e1lf\u00fcrd\u0151, a ny\u00e1ri illetve \u0151szi kultur\u00e1lis rendezv\u00e9nyek.<\/p>\n<p style=\"text-align: justify;\"><em>\u00c9p\u00edt\u00e9szeti \u00e9rt\u00e9kek:<\/em><\/p>\n<p style=\"text-align: justify;\">Az \u00e9p\u00edt\u00e9szeti \u00e9rt\u00e9kek mindenhol fellelhet\u0151k a v\u00e1rosban. Ak\u00e1r a f\u0151utc\u00e1n, ak\u00e1r a szesz\u00e9lyesen kanyarg\u00f3 mell\u00e9kutakon j\u00e1runk, egym\u00e1s mellett tal\u00e1lhatjuk a r\u00e9gi n\u00e9pi \u00e9p\u00edt\u00e9szet eml\u00e9keit, a sz\u00e1zadfordul\u00f3 polg\u00e1ri lak\u00f3h\u00e1zait \u00e9s k\u00f6z\u00e9p\u00fcleteit, valamint a k\u00f6zelm\u00faltban emelt h\u00e1zakat, lak\u00e1sokat. Az utc\u00e1k mai elhelyezked\u00e9s\u00e9ben is visszat\u00fckr\u00f6z\u0151dik a n\u00e9pi \u00e9p\u00edt\u00e9szet, ugyanis az egykori kertes telep\u00fcl\u00e9si rendszerben \u00e9p\u00fclt v\u00e1ros lak\u00f3h\u00e1zai szab\u00e1lytalan elrendez\u00e9sben \u00e9p\u00fcltek a k\u00f6zpont, a templom k\u00f6r\u00fcl.<\/p>\n<p style=\"text-align: justify;\">A XIX. sz\u00e1zad k\u00f6zep\u00e9t\u0151l indult fejl\u0151d\u00e9s eredm\u00e9nyek\u00e9nt Mez\u0151cs\u00e1t f\u0151utc\u00e1j\u00e1n sz\u00e1mos ma is l\u00e9tez\u0151 kast\u00e9lyszer\u0171 int\u00e9zm\u00e9ny \u00e9p\u00fclt, k\u00f6zt\u00fck is kiemelked\u0151 az \u00c9des-kast\u00e9ly (ma T\u00fcd\u0151gondoz\u00f3), a M\u00e1rk-kast\u00e9ly (ki\u00e1ll\u00edt\u00f3terem \u00e9s irod\u00e1k), a volt j\u00e1r\u00e1sbir\u00f3s\u00e1g \u00e9p\u00fclete (ma B-A-Z megyei lev\u00e9lt\u00e1r) \u00e9s a V\u00e1rosh\u00e1za.<\/p>\n<p style=\"text-align: justify;\">A kisebb utc\u00e1kon, a M\u00e1ty\u00e1s Kir\u00e1ly, \u00e9s a Hunyadi \u00faton tal\u00e1lhatjuk meg a sz\u00e1zadfordul\u00f3 kori b\u00fatorokkal \u00e9s a n\u00e9pi mesters\u00e9gek term\u00e9keivel (Miska-kancs\u00f3k, t\u00e1lak, t\u00e1ny\u00e9rok, butykosok, csizmadia-term\u00e9kek) berendezett t\u00e1jh\u00e1zat, illetve helyt\u00f6rt\u00e9neti gy\u0171jtem\u00e9nyt. A v\u00e1ros hat\u00e1r\u00e1ban l\u00e9v\u0151 sz\u0151l\u0151kben pedig sok j\u00f3 \u00e1llapotban l\u00e9v\u0151, szint\u00e9n a n\u00e9pi \u00e9p\u00edt\u00e9szet kor\u00e1b\u00f3l fennmaradt kunyh\u00f3t \u00e9s kis h\u00e1zat tal\u00e1lhatunk.<\/p>\n<p style=\"text-align: justify;\"><em>A mez\u0151cs\u00e1ti strand- \u00e9s term\u00e1lf\u00fcrd\u0151:<\/em><\/p>\n<p style=\"text-align: justify;\"><img loading=\"lazy\" decoding=\"async\" style=\"margin: 10px; float: left;\" src=\"http:\/\/mezocsatote.hu\/wp-content\/uploads\/csat\/csat08.jpg\" alt=\"\" width=\"191\" height=\"128\" \/><img loading=\"lazy\" decoding=\"async\" style=\"margin: 10px; float: right;\" src=\"http:\/\/mezocsatote.hu\/wp-content\/uploads\/csat\/csat09.jpg\" alt=\"\" width=\"198\" height=\"128\" \/>A mez\u0151cs\u00e1ti term\u00e1lf\u00fcrd\u0151 a v\u00e1ros \u00e9szaki hat\u00e1r\u00e1ban, a Ny\u00e9kl\u00e1dh\u00e1za fel\u00e9 vezet\u0151 \u00fat ment\u00e9n tal\u00e1lhat\u00f3, egy \u00fcd\u00fcl\u0151telep t\u00e1rsas\u00e1g\u00e1ban. A 3 medenc\u00e9s term\u00e1lvizes strand \u00fajonnan meg\u00e9p\u00fclt r\u00e9szlege a t\u00e9lif\u00fcrd\u0151, mely egy fedett medenc\u00e9t, \u00e9s 2 szaunahelyis\u00e9get foglal mag\u00e1ba. A strandf\u00fcrd\u0151 ter\u00fclet\u00e9n sz\u00e1ll\u00e1shely is tal\u00e1lhat\u00f3, \u00edgy a vend\u00e9gek ak\u00e1r az \u00e9jszakai \u00f3r\u00e1kban is f\u00fcr\u00f6dhetnek. A k\u00fclt\u00e9ri medenc\u00e9k mellett sz\u00e9pen gondozott, hangulatos pihen\u0151helyek tal\u00e1lhat\u00f3ak f\u00e1kkal, bokrokkal \u00f6vezve. A f\u00fcrd\u0151t sz\u00edvesen veszik ig\u00e9nybe mind a k\u00fclf\u00f6ldi, mind a belf\u00f6ldi csal\u00e1dok \u00e9s id\u0151s emberek egyar\u00e1nt, akik k\u00f6z\u00f6tt sok a visszat\u00e9r\u0151 vend\u00e9g.<\/p>\n<p style=\"text-align: justify;\"><img loading=\"lazy\" decoding=\"async\" style=\"margin: 10px; float: left;\" src=\"http:\/\/mezocsatote.hu\/wp-content\/uploads\/csat\/csat10.jpg\" alt=\"\" width=\"191\" height=\"128\" \/><img loading=\"lazy\" decoding=\"async\" style=\"margin: 10px; float: right;\" src=\"http:\/\/mezocsatote.hu\/wp-content\/uploads\/csat\/csat11.jpg\" alt=\"\" width=\"191\" height=\"128\" \/>A strandon f\u0151leg a nyugodt, csendes, csal\u00e1dias kikapcsol\u00f3d\u00e1sra v\u00e1gy\u00f3 l\u00e1togat\u00f3k tal\u00e1lj\u00e1k meg sz\u00e1m\u00edt\u00e1saikat, akiket az udvarias kiszolg\u00e1l\u00e1s \u00e9s a m\u00e9rs\u00e9kelt \u00e1rak is visszacs\u00e1b\u00edtanak.<\/p>\n<p style=\"text-align: justify;\"><em>Rendezv\u00e9nyek:<\/em><\/p>\n<p style=\"text-align: justify;\">A v\u00e1ros m\u00e1ik turistacsalogat\u00f3 l\u00e1tv\u00e1nyoss\u00e1ga a kultur\u00e1lis rendezv\u00e9nyek, melyek k\u00f6z\u00fcl kiemelked\u0151 a j\u00faniust\u00f3l-okt\u00f3berig tart\u00f3 Cs\u00e1ti ny\u00e1r rendezv\u00e9nysorozat, mely alatt k\u00fcl\u00f6nb\u00f6z\u0151 sz\u00ednvonalas programok v\u00e1rj\u00e1k az \u00e9rdekl\u0151d\u0151ket. Ilyen p\u00e9ld\u00e1ul a fogathajt\u00f3 bajnoks\u00e1g, a d\u00e9lborsodi dalostal\u00e1lkoz\u00f3, a Cs\u00e1ti v\u00e1s\u00e1r, a n\u00e9pt\u00e1ncg\u00e1la, a sz\u00fcreti felvonul\u00e1s stb.<\/p>\n","protected":false},"excerpt":{"rendered":"<p>Mez\u0151cs\u00e1t a kist\u00e9rs\u00e9g m\u00e1sik v\u00e1rosa, mely a Borsodi &#8211; Mez\u0151s\u00e9g k\u00f6zep\u00e9n tal\u00e1lhat\u00f3. A csaknem 7000-es l\u00e9leksz\u00e1m\u00fa kisv\u00e1ros a tisza\u00fajv\u00e1rosi kist\u00e9rs\u00e9g d\u00e9li r\u00e9sz\u00e9t l\u00e1tja el, de a komolyabb teend\u0151ket Tisza\u00fajv\u00e1rosban lehet elint\u00e9zni. Mez\u0151cs\u00e1t a k\u00f6rny\u00e9k k\u00f6z\u00fati k\u00f6zleked\u00e9si csom\u00f3pontja is, az utak a belv\u00e1rosban 4 fel\u00e9 \u00e1gaznak el, Tiszakeszi illetve Tisza\u00fajv\u00e1ros ir\u00e1ny\u00e1ba, \u00c1rokt\u0151n kereszt\u00fcl a Tisza-t\u00f3hoz, Gelejen [&hellip;]<\/p>\n","protected":false},"author":2,"featured_media":0,"parent":0,"menu_order":10,"comment_status":"closed","ping_status":"closed","template":"","meta":{"ngg_post_thumbnail":0,"footnotes":""},"class_list":["post-10","page","type-page","status-publish","hentry"],"_links":{"self":[{"href":"https:\/\/mezocsatote.hu\/index.php?rest_route=\/wp\/v2\/pages\/10","targetHints":{"allow":["GET"]}}],"collection":[{"href":"https:\/\/mezocsatote.hu\/index.php?rest_route=\/wp\/v2\/pages"}],"about":[{"href":"https:\/\/mezocsatote.hu\/index.php?rest_route=\/wp\/v2\/types\/page"}],"author":[{"embeddable":true,"href":"https:\/\/mezocsatote.hu\/index.php?rest_route=\/wp\/v2\/users\/2"}],"replies":[{"embeddable":true,"href":"https:\/\/mezocsatote.hu\/index.php?rest_route=%2Fwp%2Fv2%2Fcomments&post=10"}],"version-history":[{"count":0,"href":"https:\/\/mezocsatote.hu\/index.php?rest_route=\/wp\/v2\/pages\/10\/revisions"}],"wp:attachment":[{"href":"https:\/\/mezocsatote.hu\/index.php?rest_route=%2Fwp%2Fv2%2Fmedia&parent=10"}],"curies":[{"name":"wp","href":"https:\/\/api.w.org\/{rel}","templated":true}]}}