{"id":1,"date":"2010-04-23T13:13:22","date_gmt":"2010-04-23T13:13:22","guid":{"rendered":"http:\/\/mezocsatote.hu\/?page_id=1"},"modified":"2012-01-06T20:08:24","modified_gmt":"2012-01-06T20:08:24","slug":"kepek","status":"publish","type":"page","link":"https:\/\/mezocsatote.hu\/?page_id=1","title":{"rendered":"K\u00e9pek"},"content":{"rendered":"<p>A bejegyz\u00e9sekhez tartoz\u00f3 k\u00e9pgal\u00e9ri\u00e1k a k\u00f6vetkez\u0151 oldalr\u00f3l \u00e9rhet\u0151k el:<\/p>\n<p><a href=\"http:\/\/mezocsatote.hu\/?cat=10\">http:\/\/mezocsatote.hu\/?cat=10<\/a><\/p>\n<p><br class=\"spacer_\" \/><\/p>\n<p>FELSZEREL\u00c9SEK<br \/>\n 1-2. K\u00f6ller &#8211; Mez\u0151csat els\u0151 kocsifecskend\u0151je, ami jobb sorsra lenne \u00e9rdemes.<br \/>\n 3. GAZ66 T\u00dc2 &#8211; Ez a jelenleg haszn\u00e1latban l\u00e9v\u0151 g\u00e9pj\u00e1rm\u0171fecskend\u0151 Mez\u0151cs\u00e1ton.<br \/>\n ngg_shortcode_0_placeholder<\/p>\n<p>LAK\u00d3H\u00c1ZT\u0170Z 2009.<br \/>\n ngg_shortcode_1_placeholder<\/p>\n<p>B\u00c1LAT\u0170Z &#8211; TEHEN\u00c9SZET<br \/>\n ngg_shortcode_2_placeholder<\/p>\n<p>B\u00c1LAT\u0170Z &#8211; MUNK\u00c1CSY UTCA<br \/>\n ngg_shortcode_3_placeholder<\/p>\n<p>MAJ\u00c1LIS 2009.<br \/>\n ngg_shortcode_4_placeholder<\/p>\n<p>MAJ\u00c1LIS 2007.<br \/>\n ngg_shortcode_5_placeholder<\/p>\n<p>V\u00c1ROSNAP 2008.<br \/>\n ngg_shortcode_6_placeholder<\/p>\n<p>OVISOK\u00a0A LAKTANY\u00c1BAN<br \/>\n ngg_shortcode_7_placeholder<\/p>\n<p>REFIS GYERMEKNAP<br \/>\n ngg_shortcode_8_placeholder<\/p>\n<p>T\u0170ZOLT\u00d3VERSENY ABA\u00daJK\u00c9R<br \/>\n ngg_shortcode_9_placeholder<\/p>\n","protected":false},"excerpt":{"rendered":"<p>A bejegyz\u00e9sekhez tartoz\u00f3 k\u00e9pgal\u00e9ri\u00e1k a k\u00f6vetkez\u0151 oldalr\u00f3l \u00e9rhet\u0151k el: http:\/\/mezocsatote.hu\/?cat=10 FELSZEREL\u00c9SEK 1-2. K\u00f6ller &#8211; Mez\u0151csat els\u0151 kocsifecskend\u0151je, ami jobb sorsra lenne \u00e9rdemes. 3. GAZ66 T\u00dc2 &#8211; Ez a jelenleg haszn\u00e1latban l\u00e9v\u0151 g\u00e9pj\u00e1rm\u0171fecskend\u0151 Mez\u0151cs\u00e1ton. LAK\u00d3H\u00c1ZT\u0170Z 2009. B\u00c1LAT\u0170Z &#8211; TEHEN\u00c9SZET B\u00c1LAT\u0170Z &#8211; MUNK\u00c1CSY UTCA MAJ\u00c1LIS 2009. MAJ\u00c1LIS 2007. V\u00c1ROSNAP 2008. OVISOK\u00a0A LAKTANY\u00c1BAN REFIS GYERMEKNAP T\u0170ZOLT\u00d3VERSENY ABA\u00daJK\u00c9R<\/p>\n","protected":false},"author":2,"featured_media":0,"parent":0,"menu_order":7,"comment_status":"closed","ping_status":"closed","template":"","meta":{"ngg_post_thumbnail":0,"footnotes":""},"class_list":["post-1","page","type-page","status-publish","hentry"],"_links":{"self":[{"href":"https:\/\/mezocsatote.hu\/index.php?rest_route=\/wp\/v2\/pages\/1","targetHints":{"allow":["GET"]}}],"collection":[{"href":"https:\/\/mezocsatote.hu\/index.php?rest_route=\/wp\/v2\/pages"}],"about":[{"href":"https:\/\/mezocsatote.hu\/index.php?rest_route=\/wp\/v2\/types\/page"}],"author":[{"embeddable":true,"href":"https:\/\/mezocsatote.hu\/index.php?rest_route=\/wp\/v2\/users\/2"}],"replies":[{"embeddable":true,"href":"https:\/\/mezocsatote.hu\/index.php?rest_route=%2Fwp%2Fv2%2Fcomments&post=1"}],"version-history":[{"count":0,"href":"https:\/\/mezocsatote.hu\/index.php?rest_route=\/wp\/v2\/pages\/1\/revisions"}],"wp:attachment":[{"href":"https:\/\/mezocsatote.hu\/index.php?rest_route=%2Fwp%2Fv2%2Fmedia&parent=1"}],"curies":[{"name":"wp","href":"https:\/\/api.w.org\/{rel}","templated":true}]}}